{"id":550,"date":"2023-08-11T08:47:23","date_gmt":"2023-08-11T06:47:23","guid":{"rendered":"https:\/\/ttb-kvb.de\/?page_id=550"},"modified":"2023-08-22T16:01:04","modified_gmt":"2023-08-22T14:01:04","slug":"pager-update-2024","status":"publish","type":"page","link":"https:\/\/ttb-kvb.de\/?page_id=550","title":{"rendered":"Pager-Update MR2022.4"},"content":{"rendered":"\n<ol class=\"wp-block-list\">\n<li><strong>Die Alarmschleifen werden nun nach der Alarmnachricht angezeigt.<\/strong><\/li>\n<\/ol>\n\n\n\n<figure class=\"wp-block-image aligncenter size-full is-resized\"><a href=\"https:\/\/ttb-kvb.de\/wp-content\/uploads\/2023\/08\/Bild1.png\"><img loading=\"lazy\" decoding=\"async\" src=\"https:\/\/ttb-kvb.de\/wp-content\/uploads\/2023\/08\/Bild1.png\" alt=\"\" class=\"wp-image-551\" style=\"width:184px;height:180px\" width=\"184\" height=\"180\" srcset=\"https:\/\/ttb-kvb.de\/wp-content\/uploads\/2023\/08\/Bild1.png 316w, https:\/\/ttb-kvb.de\/wp-content\/uploads\/2023\/08\/Bild1-300x293.png 300w\" sizes=\"auto, (max-width: 184px) 100vw, 184px\" \/><\/a><figcaption class=\"wp-element-caption\">Die Alarmschleifen werden nun nach der Alarmnachricht angezeigt.<\/figcaption><\/figure>\n\n\n\n<p>2. <strong>Nicht-Dekodieren von Alarmierungsnachrichten (\u201eSIM-Fehler\u201c) &#8211; behoben<\/strong><\/p>\n\n\n\n<p>3. <strong>Ladestopp in der Homestation bei unbest\u00e4tigter Alarmierung &#8211; behoben<\/strong><\/p>\n\n\n\n<p>4. <strong>Zu leise und unpr\u00e4gnante Alarmt\u00f6ne<\/strong><br>Mit der neuen Firmware MR2022.4 wurden weitere Alarmt\u00f6ne erstellt und in die Programmiervorlage aufgenommen. Dar\u00fcber hinaus wurden in den Signalisierungsprofilen 9 \u2013 16 andere LED Blinkmuster sowie Vibrationsmuster hinterlegt. Es ist den ALUS-Programmierern m\u00f6glich alle 16 Alarmt\u00f6ne f\u00fcr die Pager zu vergeben. Das Alarmprofil 16 wurde mit einem diskreten Alarm Ton versehen. <strong>Achtung! Im ILS-Bereich Coburg wird der Ton 10 weiterhin f\u00fcr die Probealarmierung verwendet. Dieser bleibt genauso wie bisher.<\/strong><\/p>\n\n\n\n<p>5. <strong>Signalisierung Netzverlust und Rufgruppenverlust<\/strong><br>Die optische und akustische Signalisierung bei Netzverlust oder Rufgruppenverlust war nicht quittierbar und erfolgt alle 30 Sekunden. Als Verbesserung wurde der Timer zur Signalisierung eines Netzverlusts von 30 Sekunden auf 120 Sekunden ge\u00e4ndert, damit weniger Signalisierungen ausgegeben werden. Die initiale Signalisierung wird weiterhin nach ca. 22 Sekunden ausgegeben. Mit der Firmware MR2022.4 ist es nun m\u00f6glich, die Signalisierung zu best\u00e4tigen, zu unterdr\u00fccken oder g\u00e4nzlich zu deaktivieren. Beim Eintreten eines Netz- oder Rufgruppenverlustes wird dieser mit der nachfolgenden Displaymeldung signalisiert. Durch Dr\u00fccken der Taste \u201eOk\u201c wird die Meldung bis zum erneuten Eintreten dieses Zustandes, zum Beispiel weil zwischenzeitlich das Netz- oder die Rufgruppenanbindung wiedererlangt werden konnte, best\u00e4tigt und nicht erneut ausgegeben. Durch Dr\u00fccken der Taste \u201eSchlummern\u201c werden die Meldungen f\u00fcr einen bestimmten Zeitraum unterdr\u00fcckt, auch wenn der Netz- oder Rufgruppenverlust mehrfach auftritt.<\/p>\n\n\n\n<figure class=\"wp-block-image aligncenter size-full is-resized\"><a href=\"https:\/\/ttb-kvb.de\/wp-content\/uploads\/2023\/08\/Bild2.png\"><img loading=\"lazy\" decoding=\"async\" src=\"https:\/\/ttb-kvb.de\/wp-content\/uploads\/2023\/08\/Bild2.png\" alt=\"\" class=\"wp-image-552\" style=\"width:207px;height:65px\" width=\"207\" height=\"65\" srcset=\"https:\/\/ttb-kvb.de\/wp-content\/uploads\/2023\/08\/Bild2.png 347w, https:\/\/ttb-kvb.de\/wp-content\/uploads\/2023\/08\/Bild2-300x94.png 300w\" sizes=\"auto, (max-width: 207px) 100vw, 207px\" \/><\/a><\/figure>\n\n\n\n<p>Im Men\u00fc Netze\\Periodische Netzhinweise kann ausgew\u00e4hlt werden, wie eine Signalisierung erfolgen soll. Dabei bedeutet \u201eImmer\u201c, dass die Signalisierung ausgegeben wird und nicht quittiert werden kann. \u201eFragen\u201c bedeutet, dass die Signalisierungen im Falle eines Netz- oder Rufgruppenverlustes quittiert oder unterdr\u00fcckt werden kann. Die Einstellung \u201eNie\u201c deaktiviert die Signalisierungen entsprechend. Die Standardeinstellung ist \u201eFragen\u201c. Unter \u201eSchlummerzeit\u201c kann die Zeitspanne f\u00fcr eine m\u00f6gliche Unterdr\u00fcckung ausgew\u00e4hlt werden.<\/p>\n\n\n\n<p><br>6. <strong>Anzeige von Alarmnachrichten anderer Benutzerprofile<\/strong><br>Es ist mit der Firmware-Version MR2022.4 m\u00f6glich, ungelesene Alarmnachrichten, die in anderen Benutzerprofilen empfangen wurden, im Display mit einem Symbol signalisieren zu lassen. Dabei wurde das Symbol f\u00fcr eine ungelesene Alarmnachricht um die betreffende Benutzerprofilnummer erg\u00e4nzt.<\/p>\n\n\n\n<figure class=\"wp-block-image aligncenter size-full is-resized\"><a href=\"https:\/\/ttb-kvb.de\/wp-content\/uploads\/2023\/08\/Bild4.png\"><img loading=\"lazy\" decoding=\"async\" src=\"https:\/\/ttb-kvb.de\/wp-content\/uploads\/2023\/08\/Bild4.png\" alt=\"\" class=\"wp-image-553\" style=\"width:223px;height:72px\" width=\"223\" height=\"72\" srcset=\"https:\/\/ttb-kvb.de\/wp-content\/uploads\/2023\/08\/Bild4.png 341w, https:\/\/ttb-kvb.de\/wp-content\/uploads\/2023\/08\/Bild4-300x97.png 300w\" sizes=\"auto, (max-width: 223px) 100vw, 223px\" \/><\/a><\/figure>\n\n\n\n<p>7. <strong>Anzahl der speicherbaren Alarmnachrichten<\/strong><br>Mit der Firmware-Version MR2022.4 k\u00f6nnen nun bis zu 125 verkettete Alarmnachrichten (mSDS), \u00fcbergreifend \u00fcber alle Benutzerprofile, gespeichert werden.<\/p>\n\n\n\n<p>8. <strong>Ausgabe von mehreren Alarmt\u00f6nen<\/strong><br>Bislang wurde immer der Alarmton wiedergegeben, der mit der alarmausl\u00f6senden Alarmschleife verkn\u00fcpft war. Da dies nicht zwangsl\u00e4ufig die Alarmschleife mit der h\u00f6chsten Nutzerpriorit\u00e4t war, konnte anhand des Alarmtones kein R\u00fcckschluss auf die Schwere der Alarmierung bzw. auf die Anzahl der alarmierten Einheiten getroffen werden. Mit der Firmware MR2022.4 ist es nun m\u00f6glich, dass die Alarmt\u00f6ne und Vibrationsprofile aller \u00fcbereinstimmenden Alarmschleifen nacheinander, 5 Sekunden lang mit einer Pause von 2 Sekunden, wiedergegeben werden. Gleiche Alarmt\u00f6ne werden dabei zusammengefasst und nicht mehrfach ausgegeben. Sofern nur eine Alarmschleife zum Ausl\u00f6sen des Pagers gef\u00fchrt hat, so wird dieser Alarmton wie bisher 12 Sekunden wiedergegeben. Die Ausgabe der Alarmt\u00f6ne kann weiterhin durch Dr\u00fccken einer beliebigen Taste abgebrochen werden.<\/p>\n","protected":false},"excerpt":{"rendered":"<p>2. Nicht-Dekodieren von Alarmierungsnachrichten (\u201eSIM-Fehler\u201c) &#8211; behoben 3. Ladestopp in der Homestation bei unbest\u00e4tigter Alarmierung &#8211; behoben 4. Zu leise und unpr\u00e4gnante Alarmt\u00f6neMit der neuen Firmware MR2022.4 wurden weitere Alarmt\u00f6ne erstellt und in die Programmiervorlage aufgenommen. Dar\u00fcber hinaus wurden in den Signalisierungsprofilen 9 \u2013 16 andere LED Blinkmuster sowie Vibrationsmuster hinterlegt. Es ist den ALUS-Programmierern m\u00f6glich alle 16 Alarmt\u00f6ne f\u00fcr<span class=\"more-dots\">&#8230;<\/span><\/p>\n","protected":false},"author":1,"featured_media":0,"parent":0,"menu_order":0,"comment_status":"closed","ping_status":"closed","template":"","meta":{"footnotes":""},"class_list":["post-550","page","type-page","status-publish","hentry","no-post-thumbnail"],"_links":{"self":[{"href":"https:\/\/ttb-kvb.de\/index.php?rest_route=\/wp\/v2\/pages\/550","targetHints":{"allow":["GET"]}}],"collection":[{"href":"https:\/\/ttb-kvb.de\/index.php?rest_route=\/wp\/v2\/pages"}],"about":[{"href":"https:\/\/ttb-kvb.de\/index.php?rest_route=\/wp\/v2\/types\/page"}],"author":[{"embeddable":true,"href":"https:\/\/ttb-kvb.de\/index.php?rest_route=\/wp\/v2\/users\/1"}],"replies":[{"embeddable":true,"href":"https:\/\/ttb-kvb.de\/index.php?rest_route=%2Fwp%2Fv2%2Fcomments&post=550"}],"version-history":[{"count":9,"href":"https:\/\/ttb-kvb.de\/index.php?rest_route=\/wp\/v2\/pages\/550\/revisions"}],"predecessor-version":[{"id":566,"href":"https:\/\/ttb-kvb.de\/index.php?rest_route=\/wp\/v2\/pages\/550\/revisions\/566"}],"wp:attachment":[{"href":"https:\/\/ttb-kvb.de\/index.php?rest_route=%2Fwp%2Fv2%2Fmedia&parent=550"}],"curies":[{"name":"wp","href":"https:\/\/api.w.org\/{rel}","templated":true}]}}