{"id":464,"date":"2023-06-02T07:48:42","date_gmt":"2023-06-02T07:48:42","guid":{"rendered":"https:\/\/ttb-kvb.de\/?page_id=464"},"modified":"2023-06-02T07:48:43","modified_gmt":"2023-06-02T07:48:43","slug":"faq-digitale-sirenen","status":"publish","type":"page","link":"https:\/\/ttb-kvb.de\/?page_id=464","title":{"rendered":"FAQ Digitale Sirenen"},"content":{"rendered":"<div  class=\"ewd-ufaq-faq-list ewd-ufaq-page-type-distinct ewd-ufaq-category-tabs-\" id='ewd-ufaq-faq-list'>\n\n\t<input type='hidden' name='show_on_load' value='' id='ewd-ufaq-show-on-load' \/>\n<input type='hidden' name='include_category' value='' id='ewd-ufaq-include-category' \/>\n<input type='hidden' name='exclude_category' value='Digitale Alarmierung' id='ewd-ufaq-exclude-category' \/>\n<input type='hidden' name='orderby' value='date' id='ewd-ufaq-orderby' \/>\n<input type='hidden' name='order' value='asc' id='ewd-ufaq-order' \/>\n<input type='hidden' name='post_count' value='-1' id='ewd-ufaq-post-count' \/>\n<input type='hidden' name='current_url' value='\/index.php?rest_route=%2Fwp%2Fv2%2Fpages%2F464' id='ewd-ufaq-current-url' \/>\n\t\n\t\n\t<div class='ewd-ufaq-faqs'>\n\n\t\t<div id='ewd-ufaq-faq-category-digitale-sirene' class='ewd-ufaq-faq-category'>\n\t\n\t<div class='ewd-ufaq-faq-category-title '  >\n\t\t\n\t\t<h3 title=\"Click here to open Digitale Sirene\">\n\t\t\tDigitale Sirene\t\t\t\t\t<\/h3>\n\n\t\t\t\n\t<\/div>\n\t\n\t<div class='ewd-ufaq-faq-category-inner ' >\n<div  class=\"ewd-ufaq-faq-div ewd-ufaq-faq-column-count-one ewd-ufaq-faq-responsive-columns- ewd-ufaq-faq-display-style-default ewd-ufaq-can-be-toggled\" id='ewd-ufaq-post-463-4O0QX8Jb7g' data-post_id='463'>\n\n\t\t\n\t<div class='ewd-ufaq-faq-title ewd-ufaq-faq-toggle'>\n\t\n\t<a class='ewd-ufaq-post-margin'  href='#' role=\"button\">\n\n\t\t<div class='ewd-ufaq-post-margin-symbol ewd-ufaq-'>\n\t\t\t<span >a<\/span>\n\t\t<\/div>\n\n\t\t<div class='ewd-ufaq-faq-title-text'>\n\n\t\t\t<h4>\n\t\t\t\tWelche Voraussetzungen bestehen f\u00fcr die Ansteuerung der Sirene\u00fcber das Digitalfunk BOS-Netz? Was muss daf\u00fcr zus\u00e4tzlichbeantragt bzw. an Hardware beschafft werden?\t\t\t<\/h4>\n\n\t\t<\/div>\n\n\t\t<div class='ewd-ufaq-clear'><\/div>\n\n\t<\/a>\n\t\n<\/div>\n\t\n\t<div class='ewd-ufaq-faq-body ewd-ufaq-hidden' >\n\n\t\t\n\t\t\t\n\t\t\n\t\t\t<div class='ewd-ufaq-post-margin ewd-ufaq-faq-post'>\n\t\n<p>Die Ansteuerung muss in jedem Falle den Vorgaben der Projektgruppe Objektfunk\/Alarmierung (PG OV\/ALR) gen\u00fcgen. Diese k\u00f6nnen dem \u201eNutzungskonzept Alarmierung Bayern\u201c entnommen werden. Es liegt im \u201egeschlossenen Nutzerbereich Digitalfunk\u201c auf der Webseite des<br>StMI zum Download bereit. (https:\/\/www.stmi.bayern.de\/sus\/digitalfunk\/bos\/) Die \u00f6rtlichen Projektgruppen und auch weitere betroffene beh\u00f6rdliche Stellen erhalten die Zugangsdaten auf<br>Anfrage von der PG OV\/ALR. Im Downloadbereich ist auch das Musterleistungsverzeichnis<br>f\u00fcr TSE (TETRA-Sirenen-Einheit) zu finden, welches den beschaffenden Stellen eine Hilfestellung bei der Beschaffung bieten soll.<br>Die TSE besteht aus einem Steuerger\u00e4t sowie einem TETRA-Funkger\u00e4t (sog. FRT), welche<br>gemeinsam in einem Schutzgeh\u00e4use verbaut werden. Dar\u00fcber hinaus ist eine Antenne gem.<br>Vorgaben der BDBOS und eine BSI-Sicherheitskarte erforderlich. Bei Fragen hierzu k\u00f6nnen<br>Sie sich ebenso an die PG OV\/ALR wenden.<br><br>Zu beachten ist, dass bei dem Sirenenf\u00f6rderprogramm des Bundes weitere F\u00f6rderbedingungen gelten, die zwingend einzuhalten sind und sich nicht voll mit den Bedingungen des bayerischen Sonderf\u00f6rderprogramms Digitalfunk decken (z.B.: handelt es sich bei den durch den<br>Bund gef\u00f6rderten Sirenenanlagen ausschlie\u00dflich um elektronische Sirenen, welche Notstrom<br>gepuffert sein m\u00fcssen).<\/p>\n<\/div>\n\t\t\n\t\t\t\n\t\t\n\t\t\t\n\t\t\n\t\t\t\n\t\t\n\t\t\t\n\t\t\n\t\t\t\n\t\t\n\t\t\t\n\t\t\n\t\t\t\n\t\t\n\t\t\t<div class='ewd-ufaq-back-to-top'>\n\t\n\t<a class='ewd-ufaq-back-to-top-link'>\n\t\tNach oben\t<\/a>\n\n<\/div>\n\t\t\n\t<\/div>\n\n<\/div><div  class=\"ewd-ufaq-faq-div ewd-ufaq-faq-column-count-one ewd-ufaq-faq-responsive-columns- ewd-ufaq-faq-display-style-default ewd-ufaq-can-be-toggled\" id='ewd-ufaq-post-467-xRJo5i6OCP' data-post_id='467'>\n\n\t\t\n\t<div class='ewd-ufaq-faq-title ewd-ufaq-faq-toggle'>\n\t\n\t<a class='ewd-ufaq-post-margin'  href='#' role=\"button\">\n\n\t\t<div class='ewd-ufaq-post-margin-symbol ewd-ufaq-'>\n\t\t\t<span >a<\/span>\n\t\t<\/div>\n\n\t\t<div class='ewd-ufaq-faq-title-text'>\n\n\t\t\t<h4>\n\t\t\t\tIst das bayerisches Nutzungskonzept \u201eAlarmierung im DigitalfunkBOS\u201c sowie das \u201eMusterleistungsverzeichnis TSE\u201c noch inBearbeitung? Sind noch \u00c4nderungen zu erwarten?\t\t\t<\/h4>\n\n\t\t<\/div>\n\n\t\t<div class='ewd-ufaq-clear'><\/div>\n\n\t<\/a>\n\t\n<\/div>\n\t\n\t<div class='ewd-ufaq-faq-body ewd-ufaq-hidden' >\n\n\t\t\n\t\t\t\n\t\t\n\t\t\t<div class='ewd-ufaq-post-margin ewd-ufaq-faq-post'>\n\t\n<p>Es ist zu erwarten, dass die Expertengruppe Alarmierung\/Fernwirken besonders im Hinblick<br>auf eine bundesweit einheitliche Warnung der Bev\u00f6lkerung in der Parametrierung der TSE<br>weitere Vorgaben erarbeitet. Es ist von keinen grunds\u00e4tzlichen \u00c4nderungen auszugehen, lediglich von Feinjustierungen und Detaillierungen. HW-\u00c4nderungen sind ab der MLV TSE-Anforderungen Version 2.0 nicht geplant. Die jeweils aktuellste Fassung steht online zur Verf\u00fcgung.<\/p>\n<\/div>\n\t\t\n\t\t\t\n\t\t\n\t\t\t\n\t\t\n\t\t\t\n\t\t\n\t\t\t\n\t\t\n\t\t\t\n\t\t\n\t\t\t\n\t\t\n\t\t\t\n\t\t\n\t\t\t<div class='ewd-ufaq-back-to-top'>\n\t\n\t<a class='ewd-ufaq-back-to-top-link'>\n\t\tNach oben\t<\/a>\n\n<\/div>\n\t\t\n\t<\/div>\n\n<\/div><div  class=\"ewd-ufaq-faq-div ewd-ufaq-faq-column-count-one ewd-ufaq-faq-responsive-columns- ewd-ufaq-faq-display-style-default ewd-ufaq-can-be-toggled\" id='ewd-ufaq-post-468-4PuXmaCS4a' data-post_id='468'>\n\n\t\t\n\t<div class='ewd-ufaq-faq-title ewd-ufaq-faq-toggle'>\n\t\n\t<a class='ewd-ufaq-post-margin'  href='#' role=\"button\">\n\n\t\t<div class='ewd-ufaq-post-margin-symbol ewd-ufaq-'>\n\t\t\t<span >a<\/span>\n\t\t<\/div>\n\n\t\t<div class='ewd-ufaq-faq-title-text'>\n\n\t\t\t<h4>\n\t\t\t\tWelche Anforderungen der Bundesanstalt f\u00fcr den Digitalfunk der Beh\u00f6rden und Organisationen mit Sicherheitsaufgaben (BDBOS) werden an die TSE gestellt?\t\t\t<\/h4>\n\n\t\t<\/div>\n\n\t\t<div class='ewd-ufaq-clear'><\/div>\n\n\t<\/a>\n\t\n<\/div>\n\t\n\t<div class='ewd-ufaq-faq-body ewd-ufaq-hidden' >\n\n\t\t\n\t\t\t\n\t\t\n\t\t\t<div class='ewd-ufaq-post-margin ewd-ufaq-faq-post'>\n\t\n<p>Hier gelten die gleichen Vorgaben, wie sie f\u00fcr den Sprechfunk des Digitalfunks BOS f\u00fcr alle<br>ortsfesten Funkanlagen festgelegt wurden. Bzgl. des Antragsverfahrens erhalten Sie Unterst\u00fctzung bei Ihrer \u00f6rtlich zust\u00e4ndigen Taktisch Technischen Betriebsstelle (TTB).<\/p>\n<\/div>\n\t\t\n\t\t\t\n\t\t\n\t\t\t\n\t\t\n\t\t\t\n\t\t\n\t\t\t\n\t\t\n\t\t\t\n\t\t\n\t\t\t\n\t\t\n\t\t\t\n\t\t\n\t\t\t<div class='ewd-ufaq-back-to-top'>\n\t\n\t<a class='ewd-ufaq-back-to-top-link'>\n\t\tNach oben\t<\/a>\n\n<\/div>\n\t\t\n\t<\/div>\n\n<\/div><div  class=\"ewd-ufaq-faq-div ewd-ufaq-faq-column-count-one ewd-ufaq-faq-responsive-columns- ewd-ufaq-faq-display-style-default ewd-ufaq-can-be-toggled\" id='ewd-ufaq-post-469-C9PevqsZbL' data-post_id='469'>\n\n\t\t\n\t<div class='ewd-ufaq-faq-title ewd-ufaq-faq-toggle'>\n\t\n\t<a class='ewd-ufaq-post-margin'  href='#' role=\"button\">\n\n\t\t<div class='ewd-ufaq-post-margin-symbol ewd-ufaq-'>\n\t\t\t<span >a<\/span>\n\t\t<\/div>\n\n\t\t<div class='ewd-ufaq-faq-title-text'>\n\n\t\t\t<h4>\n\t\t\t\tWelche Anforderungen der Autorisierten Stelle Bayern (AS-BY) an die TSE werden gestellt?\t\t\t<\/h4>\n\n\t\t<\/div>\n\n\t\t<div class='ewd-ufaq-clear'><\/div>\n\n\t<\/a>\n\t\n<\/div>\n\t\n\t<div class='ewd-ufaq-faq-body ewd-ufaq-hidden' >\n\n\t\t\n\t\t\t\n\t\t\n\t\t\t<div class='ewd-ufaq-post-margin ewd-ufaq-faq-post'>\n\t\n<p>Die AS BY stellt Vorlagen zur Programmierung der Funkger\u00e4te (FRT) zur Verf\u00fcgung, welche<br>mit dem StMI abgestimmt sind. Die Sirene (TSE) ist als ortsfeste Funkanlage anzumelden.<br>Hierbei unterst\u00fctzt Sie Ihre zust\u00e4ndige TTB.<\/p>\n<\/div>\n\t\t\n\t\t\t\n\t\t\n\t\t\t\n\t\t\n\t\t\t\n\t\t\n\t\t\t\n\t\t\n\t\t\t\n\t\t\n\t\t\t\n\t\t\n\t\t\t\n\t\t\n\t\t\t<div class='ewd-ufaq-back-to-top'>\n\t\n\t<a class='ewd-ufaq-back-to-top-link'>\n\t\tNach oben\t<\/a>\n\n<\/div>\n\t\t\n\t<\/div>\n\n<\/div><div  class=\"ewd-ufaq-faq-div ewd-ufaq-faq-column-count-one ewd-ufaq-faq-responsive-columns- ewd-ufaq-faq-display-style-default ewd-ufaq-can-be-toggled\" id='ewd-ufaq-post-470-f1e5pvOvPl' data-post_id='470'>\n\n\t\t\n\t<div class='ewd-ufaq-faq-title ewd-ufaq-faq-toggle'>\n\t\n\t<a class='ewd-ufaq-post-margin'  href='#' role=\"button\">\n\n\t\t<div class='ewd-ufaq-post-margin-symbol ewd-ufaq-'>\n\t\t\t<span >a<\/span>\n\t\t<\/div>\n\n\t\t<div class='ewd-ufaq-faq-title-text'>\n\n\t\t\t<h4>\n\t\t\t\tWelche Voraussetzungen bestehen f\u00fcr die Anbindung der Sirene an das modulare Warnsystem des Bundes (MoWaS)?  Was muss hierzus\u00e4tzlich beachtet werden, bzw. welche Vorgaben sind bereits in der Planung zu beachten?\t\t\t<\/h4>\n\n\t\t<\/div>\n\n\t\t<div class='ewd-ufaq-clear'><\/div>\n\n\t<\/a>\n\t\n<\/div>\n\t\n\t<div class='ewd-ufaq-faq-body ewd-ufaq-hidden' >\n\n\t\t\n\t\t\t\n\t\t\n\t\t\t<div class='ewd-ufaq-post-margin ewd-ufaq-faq-post'>\n\t\n<p>Aktuell wird an der Umsetzung zur Anbindung der Sirenen an das modulare Warnsystem des<br>Bundes (MoWaS) gearbeitet. Ausreichend ist aktuell die M\u00f6glichkeit der Ansteuerung der Sirene durch den Digitalfunk BOS<\/p>\n<\/div>\n\t\t\n\t\t\t\n\t\t\n\t\t\t\n\t\t\n\t\t\t\n\t\t\n\t\t\t\n\t\t\n\t\t\t\n\t\t\n\t\t\t\n\t\t\n\t\t\t\n\t\t\n\t\t\t<div class='ewd-ufaq-back-to-top'>\n\t\n\t<a class='ewd-ufaq-back-to-top-link'>\n\t\tNach oben\t<\/a>\n\n<\/div>\n\t\t\n\t<\/div>\n\n<\/div><div  class=\"ewd-ufaq-faq-div ewd-ufaq-faq-column-count-one ewd-ufaq-faq-responsive-columns- ewd-ufaq-faq-display-style-default ewd-ufaq-can-be-toggled\" id='ewd-ufaq-post-471-cK5kG8NZb2' data-post_id='471'>\n\n\t\t\n\t<div class='ewd-ufaq-faq-title ewd-ufaq-faq-toggle'>\n\t\n\t<a class='ewd-ufaq-post-margin'  href='#' role=\"button\">\n\n\t\t<div class='ewd-ufaq-post-margin-symbol ewd-ufaq-'>\n\t\t\t<span >a<\/span>\n\t\t<\/div>\n\n\t\t<div class='ewd-ufaq-faq-title-text'>\n\n\t\t\t<h4>\n\t\t\t\tWie ist die Betriebsbereitschaft einer Sirenenanlage zu erkl\u00e4ren?\t\t\t<\/h4>\n\n\t\t<\/div>\n\n\t\t<div class='ewd-ufaq-clear'><\/div>\n\n\t<\/a>\n\t\n<\/div>\n\t\n\t<div class='ewd-ufaq-faq-body ewd-ufaq-hidden' >\n\n\t\t\n\t\t\t\n\t\t\n\t\t\t<div class='ewd-ufaq-post-margin ewd-ufaq-faq-post'>\n\t\n<p>Die Erkl\u00e4rung der Betriebsbereitschaft kann schriftlich durch die beauftragte Firma erfolgen.<\/p>\n<\/div>\n\t\t\n\t\t\t\n\t\t\n\t\t\t\n\t\t\n\t\t\t\n\t\t\n\t\t\t\n\t\t\n\t\t\t\n\t\t\n\t\t\t\n\t\t\n\t\t\t\n\t\t\n\t\t\t<div class='ewd-ufaq-back-to-top'>\n\t\n\t<a class='ewd-ufaq-back-to-top-link'>\n\t\tNach oben\t<\/a>\n\n<\/div>\n\t\t\n\t<\/div>\n\n<\/div><div  class=\"ewd-ufaq-faq-div ewd-ufaq-faq-column-count-one ewd-ufaq-faq-responsive-columns- ewd-ufaq-faq-display-style-default ewd-ufaq-can-be-toggled\" id='ewd-ufaq-post-472-51gqRYOgMe' data-post_id='472'>\n\n\t\t\n\t<div class='ewd-ufaq-faq-title ewd-ufaq-faq-toggle'>\n\t\n\t<a class='ewd-ufaq-post-margin'  href='#' role=\"button\">\n\n\t\t<div class='ewd-ufaq-post-margin-symbol ewd-ufaq-'>\n\t\t\t<span >a<\/span>\n\t\t<\/div>\n\n\t\t<div class='ewd-ufaq-faq-title-text'>\n\n\t\t\t<h4>\n\t\t\t\tWelche aktuellen Sicherheits- und Baustandards f\u00fcr die Errichtung einer Sirene gibt es?\t\t\t<\/h4>\n\n\t\t<\/div>\n\n\t\t<div class='ewd-ufaq-clear'><\/div>\n\n\t<\/a>\n\t\n<\/div>\n\t\n\t<div class='ewd-ufaq-faq-body ewd-ufaq-hidden' >\n\n\t\t\n\t\t\t\n\t\t\n\t\t\t<div class='ewd-ufaq-post-margin ewd-ufaq-faq-post'>\n\t\n<p>Hier gelten zahlreiche Normen f\u00fcr die unterschiedlichsten Gewerke (z.B. Baustatik, Blitzschutz, Elektrotechnik, etc.). Wir bitten Sie, sich bei der Installation von einer Fachfirma f\u00fcr Sirenen- und Warnanlagen beraten zu lassen, da ggf. verschiedene Normen auf die \u00f6rtlichen<br>Bedingungen angewendet werden m\u00fcssen. Der Betreiber ist f\u00fcr den ordnungsgem\u00e4\u00dfen und<br>sicheren Aufbau sowie den Betrieb der Sirene eigenverantwortlich.<\/p>\n<\/div>\n\t\t\n\t\t\t\n\t\t\n\t\t\t\n\t\t\n\t\t\t\n\t\t\n\t\t\t\n\t\t\n\t\t\t\n\t\t\n\t\t\t\n\t\t\n\t\t\t\n\t\t\n\t\t\t<div class='ewd-ufaq-back-to-top'>\n\t\n\t<a class='ewd-ufaq-back-to-top-link'>\n\t\tNach oben\t<\/a>\n\n<\/div>\n\t\t\n\t<\/div>\n\n<\/div><div  class=\"ewd-ufaq-faq-div ewd-ufaq-faq-column-count-one ewd-ufaq-faq-responsive-columns- ewd-ufaq-faq-display-style-default ewd-ufaq-can-be-toggled\" id='ewd-ufaq-post-473-O0XcxqqsVz' data-post_id='473'>\n\n\t\t\n\t<div class='ewd-ufaq-faq-title ewd-ufaq-faq-toggle'>\n\t\n\t<a class='ewd-ufaq-post-margin'  href='#' role=\"button\">\n\n\t\t<div class='ewd-ufaq-post-margin-symbol ewd-ufaq-'>\n\t\t\t<span >a<\/span>\n\t\t<\/div>\n\n\t\t<div class='ewd-ufaq-faq-title-text'>\n\n\t\t\t<h4>\n\t\t\t\tSabotagealarme m\u00fcssen an eine zust\u00e4ndige Stelle mit einer 24\/7-Erreichbarkeit gesendet werden. Wer oder Was ist diese Stelle? Ist das eine private Stelle, die Leitstelle der AS BY oder die ILS gemeint?\t\t\t<\/h4>\n\n\t\t<\/div>\n\n\t\t<div class='ewd-ufaq-clear'><\/div>\n\n\t<\/a>\n\t\n<\/div>\n\t\n\t<div class='ewd-ufaq-faq-body ewd-ufaq-hidden' >\n\n\t\t\n\t\t\t\n\t\t\n\t\t\t<div class='ewd-ufaq-post-margin ewd-ufaq-faq-post'>\n\t\n<p>Hier ist nicht die Leitstelle der AS BY gemeint, diese Aufgaben wurden ihr nicht \u00fcbertragen.<br>Diese Stelle ist vielmehr vom Betreiber der Sirene zu benennen, idealerweise ist dies eine zu<br>definierende, zentrale Stelle, z.B. die ILS oder TTB des jeweiligen RDB, welche f\u00fcr alle TSE<br>24\/7 verf\u00fcgbar ist. Es k\u00f6nnte jedoch auch der f\u00fcr den Bereich zust\u00e4ndige FW Kommandant<br>sein. Seitens des StMI gibt es keine Vorgaben.<br>Es wird dar\u00fcber hinaus empfohlen eine Arbeitsanweisung zu erstellen, welche je nach R\u00fcckmeldung der TSE eine Handlungsma\u00dfnahme vorsieht z.B. bei Sabotage Alarm, dass Verst\u00e4ndigen der Polizei oder bei technischen R\u00fcckmeldungen, dass Verst\u00e4ndigen der TTB.<br>Weitere Details finden Sie im aktuellen Nutzungskonzept Alarmierung im geschlossenen Nutzerkreis BOS.<\/p>\n<\/div>\n\t\t\n\t\t\t\n\t\t\n\t\t\t\n\t\t\n\t\t\t\n\t\t\n\t\t\t\n\t\t\n\t\t\t\n\t\t\n\t\t\t\n\t\t\n\t\t\t\n\t\t\n\t\t\t<div class='ewd-ufaq-back-to-top'>\n\t\n\t<a class='ewd-ufaq-back-to-top-link'>\n\t\tNach oben\t<\/a>\n\n<\/div>\n\t\t\n\t<\/div>\n\n<\/div><div  class=\"ewd-ufaq-faq-div ewd-ufaq-faq-column-count-one ewd-ufaq-faq-responsive-columns- ewd-ufaq-faq-display-style-default ewd-ufaq-can-be-toggled\" id='ewd-ufaq-post-474-ojEWbsPAQp' data-post_id='474'>\n\n\t\t\n\t<div class='ewd-ufaq-faq-title ewd-ufaq-faq-toggle'>\n\t\n\t<a class='ewd-ufaq-post-margin'  href='#' role=\"button\">\n\n\t\t<div class='ewd-ufaq-post-margin-symbol ewd-ufaq-'>\n\t\t\t<span >a<\/span>\n\t\t<\/div>\n\n\t\t<div class='ewd-ufaq-faq-title-text'>\n\n\t\t\t<h4>\n\t\t\t\tSchnittstelle zur Parametrierung des Sirenensteuerger\u00e4tes als USB, Ethernet-Schnittstelle oder RS 232. Die notwendigen Kabel f\u00fcr Programmierungs- und Updateprozeduren sind den parametrierenden Stellen (bspw. TTB) bereitzustellen. Wo verbleibt das Equipment?\t\t\t<\/h4>\n\n\t\t<\/div>\n\n\t\t<div class='ewd-ufaq-clear'><\/div>\n\n\t<\/a>\n\t\n<\/div>\n\t\n\t<div class='ewd-ufaq-faq-body ewd-ufaq-hidden' >\n\n\t\t\n\t\t\t\n\t\t\n\t\t\t<div class='ewd-ufaq-post-margin ewd-ufaq-faq-post'>\n\t\n<p>Wie im MLV TSE-Anforderungen beschrieben, ist das zur Parametrierung notwendige<br>Equipment (Programmierkabel und Software) jeder TSE im Lieferumfang beizuf\u00fcgen. Ob dieses Equipment im Schrank der TSE verbleibt, an einen externen Dienstleister oder die f\u00fcr den individuellen RDB zust\u00e4ndige TTB weitergeleitet wird, obliegt ausschlie\u00dflich dem Betreiber.<\/p>\n<\/div>\n\t\t\n\t\t\t\n\t\t\n\t\t\t\n\t\t\n\t\t\t\n\t\t\n\t\t\t\n\t\t\n\t\t\t\n\t\t\n\t\t\t\n\t\t\n\t\t\t\n\t\t\n\t\t\t<div class='ewd-ufaq-back-to-top'>\n\t\n\t<a class='ewd-ufaq-back-to-top-link'>\n\t\tNach oben\t<\/a>\n\n<\/div>\n\t\t\n\t<\/div>\n\n<\/div><div  class=\"ewd-ufaq-faq-div ewd-ufaq-faq-column-count-one ewd-ufaq-faq-responsive-columns- ewd-ufaq-faq-display-style-default ewd-ufaq-can-be-toggled\" id='ewd-ufaq-post-475-EAprY9U5iq' data-post_id='475'>\n\n\t\t\n\t<div class='ewd-ufaq-faq-title ewd-ufaq-faq-toggle'>\n\t\n\t<a class='ewd-ufaq-post-margin'  href='#' role=\"button\">\n\n\t\t<div class='ewd-ufaq-post-margin-symbol ewd-ufaq-'>\n\t\t\t<span >a<\/span>\n\t\t<\/div>\n\n\t\t<div class='ewd-ufaq-faq-title-text'>\n\n\t\t\t<h4>\n\t\t\t\tEine TSE darf sich nicht in eine TBS im R\u00fcckfallbetrieb einbuchen(Umsetzung durch Codeplug-Programmierung). Ist dies schon imGrund-Codeplug der ASBY enthalten?\t\t\t<\/h4>\n\n\t\t<\/div>\n\n\t\t<div class='ewd-ufaq-clear'><\/div>\n\n\t<\/a>\n\t\n<\/div>\n\t\n\t<div class='ewd-ufaq-faq-body ewd-ufaq-hidden' >\n\n\t\t\n\t\t\t\n\t\t\n\t\t\t<div class='ewd-ufaq-post-margin ewd-ufaq-faq-post'>\n\t\n<p>Ja, f\u00fcr die Einbindung eines FRT in eine TSE stellt die AS BY speziell parametrierte Codeplugs zur Verf\u00fcgung.<\/p>\n<\/div>\n\t\t\n\t\t\t\n\t\t\n\t\t\t\n\t\t\n\t\t\t\n\t\t\n\t\t\t\n\t\t\n\t\t\t\n\t\t\n\t\t\t\n\t\t\n\t\t\t\n\t\t\n\t\t\t<div class='ewd-ufaq-back-to-top'>\n\t\n\t<a class='ewd-ufaq-back-to-top-link'>\n\t\tNach oben\t<\/a>\n\n<\/div>\n\t\t\n\t<\/div>\n\n<\/div><div  class=\"ewd-ufaq-faq-div ewd-ufaq-faq-column-count-one ewd-ufaq-faq-responsive-columns- ewd-ufaq-faq-display-style-default ewd-ufaq-can-be-toggled\" id='ewd-ufaq-post-476-zTezxePJWN' data-post_id='476'>\n\n\t\t\n\t<div class='ewd-ufaq-faq-title ewd-ufaq-faq-toggle'>\n\t\n\t<a class='ewd-ufaq-post-margin'  href='#' role=\"button\">\n\n\t\t<div class='ewd-ufaq-post-margin-symbol ewd-ufaq-'>\n\t\t\t<span >a<\/span>\n\t\t<\/div>\n\n\t\t<div class='ewd-ufaq-faq-title-text'>\n\n\t\t\t<h4>\n\t\t\t\tAlle Bayernparameter m\u00fcssen von den parametrierenden Stellen(bspw. TTB) programmiert werden k\u00f6nnen. Welche Bayernparameter? Sind hier die Programmierungen in den FRT\u00b4s gemeint?\t\t\t<\/h4>\n\n\t\t<\/div>\n\n\t\t<div class='ewd-ufaq-clear'><\/div>\n\n\t<\/a>\n\t\n<\/div>\n\t\n\t<div class='ewd-ufaq-faq-body ewd-ufaq-hidden' >\n\n\t\t\n\t\t\t\n\t\t\n\t\t\t<div class='ewd-ufaq-post-margin ewd-ufaq-faq-post'>\n\t\n<p>F\u00fcr die FRT f\u00fcr TSE werden seitens der AS BY eine Firmware und ein vorkonfigurierter und<br>freigegebener Codeplug zu Verf\u00fcgung gestellt. Autorisierte, externe Dienstleister oder die zust\u00e4ndige TTB m\u00fcssen somit nur noch die vorgegebenen GSSIs im FRT sowie die Sub-Adresse in der Steuereinheit f\u00fcr jede individuelle Sirene nachprogrammieren. Zu einem sp\u00e4teren Zeitpunkt muss jedoch das Wartungspersonal auch in der Lage sein, vor Ort ein Firmwareupdate durchzuf\u00fchren, \u00e4hnlich wie es aus dem Sprechfunk<br>bereits bekannt ist. Beispiele f\u00fcr Bayernparameter sind Ausl\u00f6severz\u00f6gerung, Sperrzeit, mSDS-Wartezeit, R\u00fcckmeldungsverz\u00f6gerung.<\/p>\n<\/div>\n\t\t\n\t\t\t\n\t\t\n\t\t\t\n\t\t\n\t\t\t\n\t\t\n\t\t\t\n\t\t\n\t\t\t\n\t\t\n\t\t\t\n\t\t\n\t\t\t\n\t\t\n\t\t\t<div class='ewd-ufaq-back-to-top'>\n\t\n\t<a class='ewd-ufaq-back-to-top-link'>\n\t\tNach oben\t<\/a>\n\n<\/div>\n\t\t\n\t<\/div>\n\n<\/div><div  class=\"ewd-ufaq-faq-div ewd-ufaq-faq-column-count-one ewd-ufaq-faq-responsive-columns- ewd-ufaq-faq-display-style-default ewd-ufaq-can-be-toggled\" id='ewd-ufaq-post-477-muEZzSiJkN' data-post_id='477'>\n\n\t\t\n\t<div class='ewd-ufaq-faq-title ewd-ufaq-faq-toggle'>\n\t\n\t<a class='ewd-ufaq-post-margin'  href='#' role=\"button\">\n\n\t\t<div class='ewd-ufaq-post-margin-symbol ewd-ufaq-'>\n\t\t\t<span >a<\/span>\n\t\t<\/div>\n\n\t\t<div class='ewd-ufaq-faq-title-text'>\n\n\t\t\t<h4>\n\t\t\t\tUnsere Sirene soll mit einem TSE umger\u00fcstet werden, jedoch erf\u00fcllt der Lieferant noch nicht alle Anforderungen des Musterleistungsverzeichnisses, was ist zu tun?\t\t\t<\/h4>\n\n\t\t<\/div>\n\n\t\t<div class='ewd-ufaq-clear'><\/div>\n\n\t<\/a>\n\t\n<\/div>\n\t\n\t<div class='ewd-ufaq-faq-body ewd-ufaq-hidden' >\n\n\t\t\n\t\t\t\n\t\t\n\t\t\t<div class='ewd-ufaq-post-margin ewd-ufaq-faq-post'>\n\t\n<p>Bereits bei der Bestellung des TSE ist darauf zu achten, dass der Lieferant sich zur vollst\u00e4ndigen Erf\u00fcllung aller Leistungsmerkmale (LM) des Muster-LV schriftlich verpflichtet. Kann der Lieferant zum Zeitpunkt der Lieferung nicht alle LM erf\u00fcllen, so hat er diese gem\u00e4\u00df der einzelvertraglichen Regelung nach zu erf\u00fcllen. Dies erfolgt in aller Regel durch ein Softwareupdate, kann aber auch HW-\u00c4nderungen umfassen. Je nach vereinbartem Erf\u00fcllungsort stellt der Lieferant dieses SW-Update elektronisch zur Verf\u00fcgung oder ist eigenverantwortlich f\u00fcr das Einspielen<br>des Updates oder das Ersetzen der HW vor Ort. Zu ber\u00fccksichtigen ist in jedem Fall die personelle Unterst\u00fctzung zur Gew\u00e4hrleistung eines ungehinderten Zugangs zum TSE f\u00fcr diese zus\u00e4tzliche Ma\u00dfnahme.<\/p>\n<\/div>\n\t\t\n\t\t\t\n\t\t\n\t\t\t\n\t\t\n\t\t\t\n\t\t\n\t\t\t\n\t\t\n\t\t\t\n\t\t\n\t\t\t\n\t\t\n\t\t\t\n\t\t\n\t\t\t<div class='ewd-ufaq-back-to-top'>\n\t\n\t<a class='ewd-ufaq-back-to-top-link'>\n\t\tNach oben\t<\/a>\n\n<\/div>\n\t\t\n\t<\/div>\n\n<\/div><div  class=\"ewd-ufaq-faq-div ewd-ufaq-faq-column-count-one ewd-ufaq-faq-responsive-columns- ewd-ufaq-faq-display-style-default ewd-ufaq-can-be-toggled\" id='ewd-ufaq-post-478-Sx6MYZ5Zre' data-post_id='478'>\n\n\t\t\n\t<div class='ewd-ufaq-faq-title ewd-ufaq-faq-toggle'>\n\t\n\t<a class='ewd-ufaq-post-margin'  href='#' role=\"button\">\n\n\t\t<div class='ewd-ufaq-post-margin-symbol ewd-ufaq-'>\n\t\t\t<span >a<\/span>\n\t\t<\/div>\n\n\t\t<div class='ewd-ufaq-faq-title-text'>\n\n\t\t\t<h4>\n\t\t\t\tWerden besondere Anforderungen an den verwendetenSchlie\u00dfzylinder gestellt?\t\t\t<\/h4>\n\n\t\t<\/div>\n\n\t\t<div class='ewd-ufaq-clear'><\/div>\n\n\t<\/a>\n\t\n<\/div>\n\t\n\t<div class='ewd-ufaq-faq-body ewd-ufaq-hidden' >\n\n\t\t\n\t\t\t\n\t\t\n\t\t\t<div class='ewd-ufaq-post-margin ewd-ufaq-faq-post'>\n\t\n<p>Hier sind die Vorgaben des MLV TSE-Anforderungen zu beachten. U.a. ist die T\u00fcr neben einem Sicherheitszylinderschloss auch mit einem Schaltkontakt auszustatten.<\/p>\n\n\n\n<p>Im Leitstellenbereich der ILS Coburg wird daf\u00fcr ein Transpondersystem eingesetzt. Informationen hierzu sind bei der TTB-KVB zu erhalten. <\/p>\n<\/div>\n\t\t\n\t\t\t\n\t\t\n\t\t\t\n\t\t\n\t\t\t\n\t\t\n\t\t\t\n\t\t\n\t\t\t\n\t\t\n\t\t\t\n\t\t\n\t\t\t\n\t\t\n\t\t\t<div class='ewd-ufaq-back-to-top'>\n\t\n\t<a class='ewd-ufaq-back-to-top-link'>\n\t\tNach oben\t<\/a>\n\n<\/div>\n\t\t\n\t<\/div>\n\n<\/div><\/div>\n\n<\/div>\n\n\t<\/div>\n\n\t\n<\/div>","protected":false},"excerpt":{"rendered":"","protected":false},"author":1,"featured_media":0,"parent":0,"menu_order":0,"comment_status":"closed","ping_status":"closed","template":"","meta":{"footnotes":""},"class_list":["post-464","page","type-page","status-publish","hentry","no-post-thumbnail"],"_links":{"self":[{"href":"https:\/\/ttb-kvb.de\/index.php?rest_route=\/wp\/v2\/pages\/464","targetHints":{"allow":["GET"]}}],"collection":[{"href":"https:\/\/ttb-kvb.de\/index.php?rest_route=\/wp\/v2\/pages"}],"about":[{"href":"https:\/\/ttb-kvb.de\/index.php?rest_route=\/wp\/v2\/types\/page"}],"author":[{"embeddable":true,"href":"https:\/\/ttb-kvb.de\/index.php?rest_route=\/wp\/v2\/users\/1"}],"replies":[{"embeddable":true,"href":"https:\/\/ttb-kvb.de\/index.php?rest_route=%2Fwp%2Fv2%2Fcomments&post=464"}],"version-history":[{"count":1,"href":"https:\/\/ttb-kvb.de\/index.php?rest_route=\/wp\/v2\/pages\/464\/revisions"}],"predecessor-version":[{"id":465,"href":"https:\/\/ttb-kvb.de\/index.php?rest_route=\/wp\/v2\/pages\/464\/revisions\/465"}],"wp:attachment":[{"href":"https:\/\/ttb-kvb.de\/index.php?rest_route=%2Fwp%2Fv2%2Fmedia&parent=464"}],"curies":[{"name":"wp","href":"https:\/\/api.w.org\/{rel}","templated":true}]}}